{"id":268,"date":"2023-03-02T14:48:42","date_gmt":"2023-03-02T14:48:42","guid":{"rendered":"http:\/\/akademiahockeyhielo.com\/?page_id=268"},"modified":"2026-05-11T20:14:37","modified_gmt":"2026-05-11T20:14:37","slug":"camps-et-stages-hockey","status":"publish","type":"page","link":"https:\/\/akademiahockeyhielo.com\/es\/camps-et-stages-hockey\/","title":{"rendered":"Camps &#038; Stages"},"content":{"rendered":"<div data-elementor-type=\"wp-page\" data-elementor-id=\"268\" class=\"elementor elementor-268\">\n\t\t\t\t\t\t<section class=\"elementor-section elementor-top-section elementor-element elementor-element-6b0fc9251 elementor-section-height-min-height elementor-section-stretched elementor-section-boxed elementor-section-height-default elementor-section-items-middle wpr-particle-no wpr-jarallax-no wpr-parallax-no wpr-sticky-section-no wpr-column-slider-no wpr-equal-height-no\" data-id=\"6b0fc9251\" data-element_type=\"section\" data-e-type=\"section\" data-settings=\"{&quot;background_background&quot;:&quot;classic&quot;,&quot;stretch_section&quot;:&quot;section-stretched&quot;}\">\n\t\t\t\t\t\t\t<div class=\"elementor-background-overlay\"><\/div>\n\t\t\t\t\t\t\t<div class=\"elementor-container elementor-column-gap-default\">\n\t\t\t\t\t<div class=\"elementor-column elementor-col-100 elementor-top-column elementor-element elementor-element-4a3f7670\" data-id=\"4a3f7670\" data-element_type=\"column\" data-e-type=\"column\">\n\t\t\t<div class=\"elementor-widget-wrap elementor-element-populated\">\n\t\t\t\t\t\t<div class=\"elementor-element elementor-element-63cd7374 elementor-widget elementor-widget-heading\" data-id=\"63cd7374\" data-element_type=\"widget\" data-e-type=\"widget\" data-widget_type=\"heading.default\">\n\t\t\t\t<div class=\"elementor-widget-container\">\n\t\t\t\t\t<h3 class=\"elementor-heading-title elementor-size-default\">CAMPS &amp; STAGES DE HOCKEY SUR GLACE<\/h3>\t\t\t\t<\/div>\n\t\t\t\t<\/div>\n\t\t\t\t<div class=\"elementor-element elementor-element-70ad387 elementor-widget elementor-widget-text-editor\" data-id=\"70ad387\" data-element_type=\"widget\" data-e-type=\"widget\" data-widget_type=\"text-editor.default\">\n\t\t\t\t<div class=\"elementor-widget-container\">\n\t\t\t\t\t\t\t\t\t<p style=\"text-align: center;\" data-start=\"719\" data-end=\"802\">D\u00e9veloppe ton niveau dans des programmes structur\u00e9s avec encadrement professionnel.<\/p>\t\t\t\t\t\t\t\t<\/div>\n\t\t\t\t<\/div>\n\t\t\t\t\t<\/div>\n\t\t<\/div>\n\t\t\t\t\t<\/div>\n\t\t<\/section>\n\t\t<div class=\"elementor-element elementor-element-c3f80bf e-flex e-con-boxed wpr-particle-no wpr-jarallax-no wpr-parallax-no wpr-sticky-section-no wpr-column-slider-no wpr-equal-height-no e-con e-parent\" data-id=\"c3f80bf\" data-element_type=\"container\" data-e-type=\"container\">\n\t\t\t\t\t<div class=\"e-con-inner\">\n\t\t\t\t\t<\/div>\n\t\t\t\t<\/div>\n\t\t\t\t<section class=\"elementor-section elementor-top-section elementor-element elementor-element-2f3aa7151 elementor-section-boxed elementor-section-height-default elementor-section-height-default wpr-particle-no wpr-jarallax-no wpr-parallax-no wpr-sticky-section-no wpr-column-slider-no wpr-equal-height-no\" data-id=\"2f3aa7151\" data-element_type=\"section\" data-e-type=\"section\">\n\t\t\t\t\t\t<div class=\"elementor-container elementor-column-gap-default\">\n\t\t\t\t\t<div class=\"elementor-column elementor-col-50 elementor-top-column elementor-element elementor-element-71c2f14a\" data-id=\"71c2f14a\" data-element_type=\"column\" data-e-type=\"column\">\n\t\t\t<div class=\"elementor-widget-wrap elementor-element-populated\">\n\t\t\t\t\t\t<div class=\"elementor-element elementor-element-65390a14 wpr-dual-heading-default elementor-invisible elementor-widget elementor-widget-wpr-dual-color-heading\" data-id=\"65390a14\" data-element_type=\"widget\" data-e-type=\"widget\" data-settings=\"{&quot;_animation&quot;:&quot;slideInLeft&quot;,&quot;_animation_delay&quot;:100}\" data-widget_type=\"wpr-dual-color-heading.default\">\n\t\t\t\t<div class=\"elementor-widget-container\">\n\t\t\t\t\t\t\t\t<div class=\"wpr-dual-heading-wrap\">\n\t\t\t\t<div class=\"wpr-dual-title-wrap\">\n\t\t\t\t\t<h2 class=\"wpr-dual-title\">\n\t\t\t\t\t\t\t\t\t\t\t<span class=\"first\">PROCHAIN STAGE<\/span>\n\t\t\t\t\t\t\t\t\t\t\n\t\t\t\t\t\t\t\t\t\t<\/h2>\n\t\t\t\t<\/div>\n\t\t\t\t\n\t\t\t\t\n\t\t\t\t\n\t\t\t<\/div>\n\t\t\t\t\t\t<\/div>\n\t\t\t\t<\/div>\n\t\t\t\t<div class=\"elementor-element elementor-element-2b67d2f2 elementor-invisible elementor-widget elementor-widget-heading\" data-id=\"2b67d2f2\" data-element_type=\"widget\" data-e-type=\"widget\" data-settings=\"{&quot;_animation&quot;:&quot;slideInLeft&quot;}\" data-widget_type=\"heading.default\">\n\t\t\t\t<div class=\"elementor-widget-container\">\n\t\t\t\t\t<h2 class=\"elementor-heading-title elementor-size-default\">UCPA SPORT STATION MEUDON<\/h2>\t\t\t\t<\/div>\n\t\t\t\t<\/div>\n\t\t\t\t<div class=\"elementor-element elementor-element-145c684 elementor-invisible elementor-widget elementor-widget-heading\" data-id=\"145c684\" data-element_type=\"widget\" data-e-type=\"widget\" data-settings=\"{&quot;_animation&quot;:&quot;slideInLeft&quot;}\" data-widget_type=\"heading.default\">\n\t\t\t\t<div class=\"elementor-widget-container\">\n\t\t\t\t\t<h2 class=\"elementor-heading-title elementor-size-default\">DU 5 AU 11 JUILLET 2026<\/h2>\t\t\t\t<\/div>\n\t\t\t\t<\/div>\n\t\t\t\t<div class=\"elementor-element elementor-element-d131baf elementor-widget elementor-widget-text-editor\" data-id=\"d131baf\" data-element_type=\"widget\" data-e-type=\"widget\" data-widget_type=\"text-editor.default\">\n\t\t\t\t<div class=\"elementor-widget-container\">\n\t\t\t\t\t\t\t\t\t<p>Un stage intensif de hockey sur glace destin\u00e9 aux joueurs et joueuses des cat\u00e9gories U9 \u00e0 U18, organis\u00e9 \u00e0 l&rsquo;UCPA Sport Station Meudon du 5 au 11 Juillet 2026. Le programme inclut des entra\u00eenements quotidiens sur glace, des groupes de niveau ainsi qu\u2019un entra\u00eenement sp\u00e9cifique pour les gardiens de but.<\/p>\t\t\t\t\t\t\t\t<\/div>\n\t\t\t\t<\/div>\n\t\t\t\t<div class=\"elementor-element elementor-element-6b5f42d elementor-align-left elementor-widget elementor-widget-button\" data-id=\"6b5f42d\" data-element_type=\"widget\" data-e-type=\"widget\" data-widget_type=\"button.default\">\n\t\t\t\t<div class=\"elementor-widget-container\">\n\t\t\t\t\t\t\t\t\t<div class=\"elementor-button-wrapper\">\n\t\t\t\t\t<a class=\"elementor-button elementor-button-link elementor-size-sm\" href=\"https:\/\/akademiahockeyhielo.com\/es\/stage-hockey-meudon-2026\/\">\n\t\t\t\t\t\t<span class=\"elementor-button-content-wrapper\">\n\t\t\t\t\t\t\t\t\t<span class=\"elementor-button-text\">En savoir plus<\/span>\n\t\t\t\t\t<\/span>\n\t\t\t\t\t<\/a>\n\t\t\t\t<\/div>\n\t\t\t\t\t\t\t\t<\/div>\n\t\t\t\t<\/div>\n\t\t\t\t\t<\/div>\n\t\t<\/div>\n\t\t\t\t<div class=\"elementor-column elementor-col-50 elementor-top-column elementor-element elementor-element-69707fa9 elementor-hidden-tablet elementor-hidden-mobile\" data-id=\"69707fa9\" data-element_type=\"column\" data-e-type=\"column\">\n\t\t\t<div class=\"elementor-widget-wrap elementor-element-populated\">\n\t\t\t\t\t\t<div class=\"elementor-element elementor-element-298cba0 elementor-widget elementor-widget-image\" data-id=\"298cba0\" data-element_type=\"widget\" data-e-type=\"widget\" data-widget_type=\"image.default\">\n\t\t\t\t<div class=\"elementor-widget-container\">\n\t\t\t\t\t\t\t\t\t\t\t\t\t\t\t<img fetchpriority=\"high\" decoding=\"async\" width=\"1200\" height=\"800\" src=\"https:\/\/akademiahockeyhielo.com\/wp-content\/uploads\/2024\/12\/meudon-patinoire.jpeg\" class=\"attachment-2048x2048 size-2048x2048 wp-image-2012\" alt=\"\" srcset=\"https:\/\/akademiahockeyhielo.com\/wp-content\/uploads\/2024\/12\/meudon-patinoire.jpeg 1200w, https:\/\/akademiahockeyhielo.com\/wp-content\/uploads\/2024\/12\/meudon-patinoire-300x200.jpeg 300w, https:\/\/akademiahockeyhielo.com\/wp-content\/uploads\/2024\/12\/meudon-patinoire-1024x683.jpeg 1024w, https:\/\/akademiahockeyhielo.com\/wp-content\/uploads\/2024\/12\/meudon-patinoire-768x512.jpeg 768w, https:\/\/akademiahockeyhielo.com\/wp-content\/uploads\/2024\/12\/meudon-patinoire-18x12.jpeg 18w, https:\/\/akademiahockeyhielo.com\/wp-content\/uploads\/2024\/12\/meudon-patinoire-600x400.jpeg 600w\" sizes=\"(max-width: 1200px) 100vw, 1200px\" \/>\t\t\t\t\t\t\t\t\t\t\t\t\t\t\t<\/div>\n\t\t\t\t<\/div>\n\t\t\t\t\t<\/div>\n\t\t<\/div>\n\t\t\t\t\t<\/div>\n\t\t<\/section>\n\t\t\t\t<\/div>","protected":false},"excerpt":{"rendered":"<p>CAMPS &amp; STAGES DE HOCKEY SUR GLACE D\u00e9veloppe ton niveau dans des programmes structur\u00e9s avec encadrement professionnel. PROCHAIN STAGE UCPA SPORT STATION MEUDON DU 5 AU 11 JUILLET 2026 Un stage intensif de hockey sur glace destin\u00e9 aux joueurs et joueuses des cat\u00e9gories U9 \u00e0 U18, organis\u00e9 \u00e0 l&rsquo;UCPA Sport Station Meudon du 5 au 11 Juillet 2026. Le programme inclut des entra\u00eenements quotidiens sur glace, des groupes de niveau ainsi qu\u2019un entra\u00eenement sp\u00e9cifique pour les gardiens de but. En savoir plus<\/p>","protected":false},"author":1,"featured_media":0,"parent":0,"menu_order":0,"comment_status":"closed","ping_status":"closed","template":"","meta":{"site-sidebar-layout":"default","site-content-layout":"","ast-site-content-layout":"default","site-content-style":"default","site-sidebar-style":"default","ast-global-header-display":"","ast-banner-title-visibility":"","ast-main-header-display":"","ast-hfb-above-header-display":"","ast-hfb-below-header-display":"","ast-hfb-mobile-header-display":"","site-post-title":"","ast-breadcrumbs-content":"","ast-featured-img":"","footer-sml-layout":"","ast-disable-related-posts":"","theme-transparent-header-meta":"","adv-header-id-meta":"","stick-header-meta":"","header-above-stick-meta":"","header-main-stick-meta":"","header-below-stick-meta":"","astra-migrate-meta-layouts":"default","ast-page-background-enabled":"default","ast-page-background-meta":{"desktop":{"background-color":"var(--ast-global-color-5)","background-image":"","background-repeat":"repeat","background-position":"center center","background-size":"auto","background-attachment":"scroll","background-type":"","background-media":"","overlay-type":"","overlay-color":"","overlay-opacity":"","overlay-gradient":""},"tablet":{"background-color":"","background-image":"","background-repeat":"repeat","background-position":"center center","background-size":"auto","background-attachment":"scroll","background-type":"","background-media":"","overlay-type":"","overlay-color":"","overlay-opacity":"","overlay-gradient":""},"mobile":{"background-color":"","background-image":"","background-repeat":"repeat","background-position":"center center","background-size":"auto","background-attachment":"scroll","background-type":"","background-media":"","overlay-type":"","overlay-color":"","overlay-opacity":"","overlay-gradient":""}},"ast-content-background-meta":{"desktop":{"background-color":"var(--ast-global-color-4)","background-image":"","background-repeat":"repeat","background-position":"center center","background-size":"auto","background-attachment":"scroll","background-type":"","background-media":"","overlay-type":"","overlay-color":"","overlay-opacity":"","overlay-gradient":""},"tablet":{"background-color":"var(--ast-global-color-4)","background-image":"","background-repeat":"repeat","background-position":"center center","background-size":"auto","background-attachment":"scroll","background-type":"","background-media":"","overlay-type":"","overlay-color":"","overlay-opacity":"","overlay-gradient":""},"mobile":{"background-color":"var(--ast-global-color-4)","background-image":"","background-repeat":"repeat","background-position":"center center","background-size":"auto","background-attachment":"scroll","background-type":"","background-media":"","overlay-type":"","overlay-color":"","overlay-opacity":"","overlay-gradient":""}},"footnotes":""},"class_list":["post-268","page","type-page","status-publish","hentry"],"yoast_head":"<!-- This site is optimized with the Yoast SEO plugin v27.6 - https:\/\/yoast.com\/product\/yoast-seo-wordpress\/ -->\n<title>Stage Hockey sur Glace | Camps &amp; Stages<\/title>\n<meta name=\"description\" content=\"D\u00e9couvrez nos stages de hockey sur glace en France et \u00e0 l\u2019international. Camps intensifs, d\u00e9veloppement joueurs, entra\u00eenement gardiens et programmes encadr\u00e9s par des coachs exp\u00e9riment\u00e9s.\" \/>\n<meta name=\"robots\" content=\"index, follow, max-snippet:-1, max-image-preview:large, max-video-preview:-1\" \/>\n<link rel=\"canonical\" href=\"https:\/\/akademiahockeyhielo.com\/es\/camps-et-stages-hockey\/\" \/>\n<meta property=\"og:locale\" content=\"es_ES\" \/>\n<meta property=\"og:type\" content=\"article\" \/>\n<meta property=\"og:title\" content=\"Stage Hockey sur Glace | Camps &amp; Stages\" \/>\n<meta property=\"og:description\" content=\"D\u00e9couvrez nos stages de hockey sur glace en France et \u00e0 l\u2019international. Camps intensifs, d\u00e9veloppement joueurs, entra\u00eenement gardiens et programmes encadr\u00e9s par des coachs exp\u00e9riment\u00e9s.\" \/>\n<meta property=\"og:url\" content=\"https:\/\/akademiahockeyhielo.com\/es\/camps-et-stages-hockey\/\" \/>\n<meta property=\"og:site_name\" content=\"Akademia Hockey Experience\" \/>\n<meta property=\"article:publisher\" content=\"https:\/\/www.facebook.com\/Akademia-Hispana-Hockey-Hielo-701210653233057\" \/>\n<meta property=\"article:modified_time\" content=\"2026-05-11T20:14:37+00:00\" \/>\n<meta property=\"og:image\" content=\"http:\/\/akademiahockeyhielo.com\/wp-content\/uploads\/2024\/12\/meudon-patinoire.jpeg\" \/>\n<meta name=\"twitter:card\" content=\"summary_large_image\" \/>\n<meta name=\"twitter:label1\" content=\"Tiempo de lectura\" \/>\n\t<meta name=\"twitter:data1\" content=\"1 minuto\" \/>\n<script type=\"application\/ld+json\" class=\"yoast-schema-graph\">{\"@context\":\"https:\\\/\\\/schema.org\",\"@graph\":[{\"@type\":\"WebPage\",\"@id\":\"https:\\\/\\\/akademiahockeyhielo.com\\\/camps-et-stages-hockey\\\/\",\"url\":\"https:\\\/\\\/akademiahockeyhielo.com\\\/camps-et-stages-hockey\\\/\",\"name\":\"Stage Hockey sur Glace | Camps & Stages\",\"isPartOf\":{\"@id\":\"https:\\\/\\\/akademiahockeyhielo.com\\\/#website\"},\"primaryImageOfPage\":{\"@id\":\"https:\\\/\\\/akademiahockeyhielo.com\\\/camps-et-stages-hockey\\\/#primaryimage\"},\"image\":{\"@id\":\"https:\\\/\\\/akademiahockeyhielo.com\\\/camps-et-stages-hockey\\\/#primaryimage\"},\"thumbnailUrl\":\"http:\\\/\\\/akademiahockeyhielo.com\\\/wp-content\\\/uploads\\\/2024\\\/12\\\/meudon-patinoire.jpeg\",\"datePublished\":\"2023-03-02T14:48:42+00:00\",\"dateModified\":\"2026-05-11T20:14:37+00:00\",\"description\":\"D\u00e9couvrez nos stages de hockey sur glace en France et \u00e0 l\u2019international. Camps intensifs, d\u00e9veloppement joueurs, entra\u00eenement gardiens et programmes encadr\u00e9s par des coachs exp\u00e9riment\u00e9s.\",\"breadcrumb\":{\"@id\":\"https:\\\/\\\/akademiahockeyhielo.com\\\/camps-et-stages-hockey\\\/#breadcrumb\"},\"inLanguage\":\"es\",\"potentialAction\":[{\"@type\":\"ReadAction\",\"target\":[\"https:\\\/\\\/akademiahockeyhielo.com\\\/camps-et-stages-hockey\\\/\"]}]},{\"@type\":\"ImageObject\",\"inLanguage\":\"es\",\"@id\":\"https:\\\/\\\/akademiahockeyhielo.com\\\/camps-et-stages-hockey\\\/#primaryimage\",\"url\":\"http:\\\/\\\/akademiahockeyhielo.com\\\/wp-content\\\/uploads\\\/2024\\\/12\\\/meudon-patinoire.jpeg\",\"contentUrl\":\"http:\\\/\\\/akademiahockeyhielo.com\\\/wp-content\\\/uploads\\\/2024\\\/12\\\/meudon-patinoire.jpeg\"},{\"@type\":\"BreadcrumbList\",\"@id\":\"https:\\\/\\\/akademiahockeyhielo.com\\\/camps-et-stages-hockey\\\/#breadcrumb\",\"itemListElement\":[{\"@type\":\"ListItem\",\"position\":1,\"name\":\"Home\",\"item\":\"https:\\\/\\\/akademiahockeyhielo.com\\\/\"},{\"@type\":\"ListItem\",\"position\":2,\"name\":\"Camps &#038; Stages\"}]},{\"@type\":\"WebSite\",\"@id\":\"https:\\\/\\\/akademiahockeyhielo.com\\\/#website\",\"url\":\"https:\\\/\\\/akademiahockeyhielo.com\\\/\",\"name\":\"Akademia Hockey Experience\",\"description\":\"\",\"publisher\":{\"@id\":\"https:\\\/\\\/akademiahockeyhielo.com\\\/#organization\"},\"potentialAction\":[{\"@type\":\"SearchAction\",\"target\":{\"@type\":\"EntryPoint\",\"urlTemplate\":\"https:\\\/\\\/akademiahockeyhielo.com\\\/?s={search_term_string}\"},\"query-input\":{\"@type\":\"PropertyValueSpecification\",\"valueRequired\":true,\"valueName\":\"search_term_string\"}}],\"inLanguage\":\"es\"},{\"@type\":\"Organization\",\"@id\":\"https:\\\/\\\/akademiahockeyhielo.com\\\/#organization\",\"name\":\"Akademia Hispana Hockey Hielo\",\"url\":\"https:\\\/\\\/akademiahockeyhielo.com\\\/\",\"logo\":{\"@type\":\"ImageObject\",\"inLanguage\":\"es\",\"@id\":\"https:\\\/\\\/akademiahockeyhielo.com\\\/#\\\/schema\\\/logo\\\/image\\\/\",\"url\":\"https:\\\/\\\/akademiahockeyhielo.com\\\/wp-content\\\/uploads\\\/2023\\\/03\\\/LOGO-SF-AKADEMIA.png\",\"contentUrl\":\"https:\\\/\\\/akademiahockeyhielo.com\\\/wp-content\\\/uploads\\\/2023\\\/03\\\/LOGO-SF-AKADEMIA.png\",\"width\":738,\"height\":737,\"caption\":\"Akademia Hispana Hockey Hielo\"},\"image\":{\"@id\":\"https:\\\/\\\/akademiahockeyhielo.com\\\/#\\\/schema\\\/logo\\\/image\\\/\"},\"sameAs\":[\"https:\\\/\\\/www.facebook.com\\\/Akademia-Hispana-Hockey-Hielo-701210653233057\",\"https:\\\/\\\/www.instagram.com\\\/akademiahispanahockeyhielo\\\/\"]}]}<\/script>\n<!-- \/ Yoast SEO plugin. -->","yoast_head_json":{"title":"Stage Hockey sur Glace | Camps & Stages","description":"D\u00e9couvrez nos stages de hockey sur glace en France et \u00e0 l\u2019international. Camps intensifs, d\u00e9veloppement joueurs, entra\u00eenement gardiens et programmes encadr\u00e9s par des coachs exp\u00e9riment\u00e9s.","robots":{"index":"index","follow":"follow","max-snippet":"max-snippet:-1","max-image-preview":"max-image-preview:large","max-video-preview":"max-video-preview:-1"},"canonical":"https:\/\/akademiahockeyhielo.com\/es\/camps-et-stages-hockey\/","og_locale":"es_ES","og_type":"article","og_title":"Stage Hockey sur Glace | Camps & Stages","og_description":"D\u00e9couvrez nos stages de hockey sur glace en France et \u00e0 l\u2019international. Camps intensifs, d\u00e9veloppement joueurs, entra\u00eenement gardiens et programmes encadr\u00e9s par des coachs exp\u00e9riment\u00e9s.","og_url":"https:\/\/akademiahockeyhielo.com\/es\/camps-et-stages-hockey\/","og_site_name":"Akademia Hockey Experience","article_publisher":"https:\/\/www.facebook.com\/Akademia-Hispana-Hockey-Hielo-701210653233057","article_modified_time":"2026-05-11T20:14:37+00:00","og_image":[{"url":"http:\/\/akademiahockeyhielo.com\/wp-content\/uploads\/2024\/12\/meudon-patinoire.jpeg","type":"","width":"","height":""}],"twitter_card":"summary_large_image","twitter_misc":{"Tiempo de lectura":"1 minuto"},"schema":{"@context":"https:\/\/schema.org","@graph":[{"@type":"WebPage","@id":"https:\/\/akademiahockeyhielo.com\/camps-et-stages-hockey\/","url":"https:\/\/akademiahockeyhielo.com\/camps-et-stages-hockey\/","name":"Stage Hockey sur Glace | Camps & Stages","isPartOf":{"@id":"https:\/\/akademiahockeyhielo.com\/#website"},"primaryImageOfPage":{"@id":"https:\/\/akademiahockeyhielo.com\/camps-et-stages-hockey\/#primaryimage"},"image":{"@id":"https:\/\/akademiahockeyhielo.com\/camps-et-stages-hockey\/#primaryimage"},"thumbnailUrl":"http:\/\/akademiahockeyhielo.com\/wp-content\/uploads\/2024\/12\/meudon-patinoire.jpeg","datePublished":"2023-03-02T14:48:42+00:00","dateModified":"2026-05-11T20:14:37+00:00","description":"D\u00e9couvrez nos stages de hockey sur glace en France et \u00e0 l\u2019international. Camps intensifs, d\u00e9veloppement joueurs, entra\u00eenement gardiens et programmes encadr\u00e9s par des coachs exp\u00e9riment\u00e9s.","breadcrumb":{"@id":"https:\/\/akademiahockeyhielo.com\/camps-et-stages-hockey\/#breadcrumb"},"inLanguage":"es","potentialAction":[{"@type":"ReadAction","target":["https:\/\/akademiahockeyhielo.com\/camps-et-stages-hockey\/"]}]},{"@type":"ImageObject","inLanguage":"es","@id":"https:\/\/akademiahockeyhielo.com\/camps-et-stages-hockey\/#primaryimage","url":"http:\/\/akademiahockeyhielo.com\/wp-content\/uploads\/2024\/12\/meudon-patinoire.jpeg","contentUrl":"http:\/\/akademiahockeyhielo.com\/wp-content\/uploads\/2024\/12\/meudon-patinoire.jpeg"},{"@type":"BreadcrumbList","@id":"https:\/\/akademiahockeyhielo.com\/camps-et-stages-hockey\/#breadcrumb","itemListElement":[{"@type":"ListItem","position":1,"name":"Home","item":"https:\/\/akademiahockeyhielo.com\/"},{"@type":"ListItem","position":2,"name":"Camps &#038; Stages"}]},{"@type":"WebSite","@id":"https:\/\/akademiahockeyhielo.com\/#website","url":"https:\/\/akademiahockeyhielo.com\/","name":"Akademia Hockey Experience","description":"","publisher":{"@id":"https:\/\/akademiahockeyhielo.com\/#organization"},"potentialAction":[{"@type":"SearchAction","target":{"@type":"EntryPoint","urlTemplate":"https:\/\/akademiahockeyhielo.com\/?s={search_term_string}"},"query-input":{"@type":"PropertyValueSpecification","valueRequired":true,"valueName":"search_term_string"}}],"inLanguage":"es"},{"@type":"Organization","@id":"https:\/\/akademiahockeyhielo.com\/#organization","name":"Akademia Hispana Hockey Hielo","url":"https:\/\/akademiahockeyhielo.com\/","logo":{"@type":"ImageObject","inLanguage":"es","@id":"https:\/\/akademiahockeyhielo.com\/#\/schema\/logo\/image\/","url":"https:\/\/akademiahockeyhielo.com\/wp-content\/uploads\/2023\/03\/LOGO-SF-AKADEMIA.png","contentUrl":"https:\/\/akademiahockeyhielo.com\/wp-content\/uploads\/2023\/03\/LOGO-SF-AKADEMIA.png","width":738,"height":737,"caption":"Akademia Hispana Hockey Hielo"},"image":{"@id":"https:\/\/akademiahockeyhielo.com\/#\/schema\/logo\/image\/"},"sameAs":["https:\/\/www.facebook.com\/Akademia-Hispana-Hockey-Hielo-701210653233057","https:\/\/www.instagram.com\/akademiahispanahockeyhielo\/"]}]}},"_links":{"self":[{"href":"https:\/\/akademiahockeyhielo.com\/es\/wp-json\/wp\/v2\/pages\/268","targetHints":{"allow":["GET"]}}],"collection":[{"href":"https:\/\/akademiahockeyhielo.com\/es\/wp-json\/wp\/v2\/pages"}],"about":[{"href":"https:\/\/akademiahockeyhielo.com\/es\/wp-json\/wp\/v2\/types\/page"}],"author":[{"embeddable":true,"href":"https:\/\/akademiahockeyhielo.com\/es\/wp-json\/wp\/v2\/users\/1"}],"replies":[{"embeddable":true,"href":"https:\/\/akademiahockeyhielo.com\/es\/wp-json\/wp\/v2\/comments?post=268"}],"version-history":[{"count":479,"href":"https:\/\/akademiahockeyhielo.com\/es\/wp-json\/wp\/v2\/pages\/268\/revisions"}],"predecessor-version":[{"id":2633,"href":"https:\/\/akademiahockeyhielo.com\/es\/wp-json\/wp\/v2\/pages\/268\/revisions\/2633"}],"wp:attachment":[{"href":"https:\/\/akademiahockeyhielo.com\/es\/wp-json\/wp\/v2\/media?parent=268"}],"curies":[{"name":"wp","href":"https:\/\/api.w.org\/{rel}","templated":true}]}}